{"id":506,"date":"2024-02-18T12:44:04","date_gmt":"2024-02-18T12:44:04","guid":{"rendered":"https:\/\/archresci.pwr.edu.pl\/?page_id=506"},"modified":"2024-04-18T08:12:04","modified_gmt":"2024-04-18T08:12:04","slug":"schedule-18-20-iv-2024-2","status":"publish","type":"page","link":"https:\/\/archresci.pwr.edu.pl\/?page_id=506&lang=en","title":{"rendered":"Schedule 18-20 IV 2024"},"content":{"rendered":"\n<p class=\"has-text-align-center has-extra-large-font-size\"><strong>SCHEDULE<\/strong><\/p>\n\n\n\n<p class=\"has-small-font-size\"><strong>18 <\/strong><strong>april <\/strong><strong>2024 (on-line<\/strong><strong>)<\/strong><\/p>\n\n\n\n<p class=\"has-small-font-size\">10:00 Welcome participants and&nbsp; start of the presentation<\/p>\n\n\n\n<p class=\"has-small-font-size\">10:10 dr hab. in\u017c. arch.<strong> Bogna Ludwig<\/strong><\/p>\n\n\n\n<p class=\"has-small-font-size\">Attica \u2013 an Architectural Term. Comparative Explorations in the Era of Remote Availability of Printed Archival Sources<\/p>\n\n\n\n<p class=\"has-small-font-size\">10:30 mgr&nbsp;in\u017c. arch. <strong>Szymon Kowalski<\/strong><\/p>\n\n\n\n<p class=\"has-small-font-size\">Immersive visualization methods for historical architecture<\/p>\n\n\n\n<p class=\"has-small-font-size\">10:50 dr&nbsp;in\u017c. arch. <strong>Rafa\u0142 Karnicki<\/strong><\/p>\n\n\n\n<p class=\"has-small-font-size\">Author&#8217;s use of free 3D modelling software in renovation practice<\/p>\n\n\n\n<p class=\"has-small-font-size\">11:10 dr in\u017c. <strong>\u0141ukasz Bednarz<\/strong>, dr in\u017c. arch. <strong>Alicja Hoyenski<\/strong>, mgr in\u017c. arch. <strong>Gabriela Wojciechowska<\/strong><\/p>\n\n\n\n<p class=\"has-small-font-size\">Research and conservation of historic vaults<\/p>\n\n\n\n<p class=\"has-small-font-size\">11:30 prof. dr hab. <strong>Ewa \u0141u\u017cyniecka<\/strong><\/p>\n\n\n\n<p class=\"has-small-font-size\">Dating methods used during stratigraphic studies of medieval architecture&nbsp;<\/p>\n\n\n\n<p class=\"has-small-font-size\">11:50 dr in\u017c. arch. <strong>Ma\u0142gorzata Doroz-Turek<\/strong><\/p>\n\n\n\n<p class=\"has-small-font-size\">Modern documentation of monuments and architectural research on the example of the Church of St. James and the Dominican monastery in Sandomierz&nbsp;<\/p>\n\n\n\n<p class=\"has-small-font-size\">12:10 prof. dr hab. <strong>Ma\u0142gorzata Chorowska<\/strong>, dr <strong>Maria Legut-Pintal<\/strong><\/p>\n\n\n\n<p class=\"has-small-font-size\">Interdisciplinary research on castles in the context of the digital catalogue of castles and fortified manors of Silesia<\/p>\n\n\n\n<p class=\"has-small-font-size\">12:30 prof. dr hab. in\u017c. arch. <strong>Aleksander Piwek<\/strong><\/p>\n\n\n\n<p class=\"has-small-font-size\">The main entrance to the Cistercian church in Oliva<\/p>\n\n\n\n<p class=\"has-small-font-size\">12:50&nbsp; mgr&nbsp;in\u017c. arch. <strong>Franciszek Hackemer<\/strong><\/p>\n\n\n\n<p class=\"has-small-font-size\">The portal from Olbin Abbey &#8211; an attempt at recomposition in a digital 3D environment&nbsp;<\/p>\n\n\n\n<p class=\"has-small-font-size\">13:10 dr hab. in\u017c. arch. <strong>Anna Boj\u0119\u015b-Bia\u0142asik<\/strong>, dr <strong>Marcin Szyma<\/strong>, mgr archeologii <strong>Monika \u0141yczak<\/strong><\/p>\n\n\n\n<p class=\"has-small-font-size\">Gotycki ko\u015bci\u00f3\u0142 w Witowie &#8211; badania i interpretacje<\/p>\n\n\n\n<p class=\"has-small-font-size\">13.30-13.50 Break for discussion<\/p>\n\n\n\n<p class=\"has-small-font-size\">13.50 dr&nbsp;in\u017c. arch. <strong>Ewa Netczuk-Pol<\/strong>, mgr in\u017c. arch. <strong>\u0141ukasz Netczuk<\/strong><\/p>\n\n\n\n<p class=\"has-small-font-size\">Reconstruction of the facade and tower of the church of the Exaltation of the Holy Cross in Kostom\u0142oty according to the design by Karl Friedrich Schinkel against the background of his other projects as an example of the reconstruction of a baroque church in the spirit of neo-Gothic<\/p>\n\n\n\n<p class=\"has-small-font-size\">14:10 dr in\u017c. arch. <strong>Rafa\u0142 Radziewicz-Winnicki<\/strong><\/p>\n\n\n\n<p class=\"has-small-font-size\">The community center of the Jaszowiec holiday complex &#8211; Lost heritage of modernism.<\/p>\n\n\n\n<p class=\"has-small-font-size\">14:30 dr&nbsp;in\u017c. arch. <strong>Anna Sulimowska<\/strong><\/p>\n\n\n\n<p class=\"has-small-font-size\">Analysis of the development potential of Upper Silesian water towers as elements of the cultural heritage of the industrial region<\/p>\n\n\n\n<p class=\"has-small-font-size\">14:50 dr <strong>Daria Jagie\u0142\u0142o<\/strong><\/p>\n\n\n\n<p class=\"has-small-font-size\">Torun waterworks &#8211; the history of the small complex of the former New Bielany pump station in the light of archives<\/p>\n\n\n\n<p class=\"has-small-font-size\">15:10 dr&nbsp;in\u017c. arch. <strong>Micha\u0142 Kwasek<\/strong><\/p>\n\n\n\n<p class=\"has-small-font-size\">Tramway infrastructure &#8211; historical solutions and their continuation in modern times<\/p>\n\n\n\n<p class=\"has-small-font-size\">15:30 dr&nbsp;in\u017c. arch. <strong>Monika Neff<\/strong><\/p>\n\n\n\n<p class=\"has-small-font-size\">Residents of the jurydyka&nbsp;Ordynacka in Warsaw &#8211; socio-professional structure based on the Revision Protocol of 1792.<\/p>\n\n\n\n<p class=\"has-small-font-size\">15.50 Discussion and conclusion of the first day of proceedings<\/p>\n\n\n\n<p class=\"has-small-font-size\"><strong>19 <\/strong><strong>april <\/strong><strong>2024 (<\/strong><strong>on-line<\/strong><strong>)<\/strong><\/p>\n\n\n\n<p class=\"has-small-font-size\">9:00 Welcome participants and&nbsp; start of the presentation<\/p>\n\n\n\n<p class=\"has-small-font-size\">9:10 mgr&nbsp;in\u017c. arch. <strong>Magdalena Odziemek<\/strong><\/p>\n\n\n\n<p class=\"has-small-font-size\">Bezpieczny&nbsp;Kredyt 2% &#8211; what residential real estate market in Wroc\u0142aw looked like after the government program<\/p>\n\n\n\n<p class=\"has-small-font-size\">9:30 dr in\u017c. arch. <strong>Magda Matuszewska<\/strong>, dr hab. in\u017c. arch. <strong>Ewa Pruszewicz-Sipi\u0144ska<\/strong> , dr hab <strong>Agata Gawlak<\/strong><\/p>\n\n\n\n<p class=\"has-small-font-size\">Modeling as a Participatory Method in Designing Healthcare Architecture<\/p>\n\n\n\n<p class=\"has-small-font-size\">9:50&nbsp; dr <strong>Jakub Marsza\u0142kiewicz<\/strong><\/p>\n\n\n\n<p class=\"has-small-font-size\">Development of aircraft interior architecture over the years<\/p>\n\n\n\n<p class=\"has-small-font-size\">10:10 mgr&nbsp;in\u017c. arch. <strong>Magdalena Grzegorzewska<\/strong><\/p>\n\n\n\n<p class=\"has-small-font-size\">The importance of environmental and well-being requirements in the modernisation of turn of the XX and XXI centuries office buildings<\/p>\n\n\n\n<p class=\"has-small-font-size\">10:30 mgr. in\u017c. arch. <strong>Anna Zadoro\u017cna<\/strong><\/p>\n\n\n\n<p class=\"has-small-font-size\">City as a rhizom<\/p>\n\n\n\n<p class=\"has-small-font-size\">10:50 dr&nbsp;in\u017c. <strong>Andrzej Borkowski<\/strong><\/p>\n\n\n\n<p class=\"has-small-font-size\">A blended approach on inquiry-based learning using the example of the interdisciplinary course of BIM in spatial management studies<\/p>\n\n\n\n<p class=\"has-small-font-size\">11:10&nbsp; mgr. in\u017c. arch. <strong>Ewa Szymczyk<\/strong><\/p>\n\n\n\n<p class=\"has-small-font-size\">Compactness of Polish cities &#8211; methodologies and analysis<\/p>\n\n\n\n<p class=\"has-small-font-size\">12:40-13:00 Break for discussion<\/p>\n\n\n\n<p class=\"has-small-font-size\">11:30 dr&nbsp;in\u017c. <strong>Jerzy \u0141adysz<\/strong><\/p>\n\n\n\n<p class=\"has-small-font-size\">Concept of responsible spatial planning<\/p>\n\n\n\n<p class=\"has-small-font-size\">11:50 dr in\u017c. arch. <strong>Agnieszka Ptak-Wojciechowska<\/strong><\/p>\n\n\n\n<p class=\"has-small-font-size\">Using the Analytic Hierarchy Process (AHP) method to assess the quality of life of older people in cities in terms of architectural and urban aspects<\/p>\n\n\n\n<p class=\"has-small-font-size\">12:10 mgr&nbsp;in\u017c. arch. <strong>Dominika Kumorek<\/strong><\/p>\n\n\n\n<p class=\"has-small-font-size\">Modern methods of analyzing the acoustic conditions of outdoor spaces<\/p>\n\n\n\n<p class=\"has-small-font-size\">12:30 Dr hab. in\u017c. arch., prof. PP <strong>Dominika Pazder<\/strong><\/p>\n\n\n\n<p class=\"has-small-font-size\">Determining areas of creativity &#8211; creative syntax as a tool for revitalizing the city center space in spatial and socio-economic terms<\/p>\n\n\n\n<p class=\"has-small-font-size\">12:50 dr&nbsp;in\u017c. arch. <strong>Bartosz Ka\u017amierczak<\/strong><\/p>\n\n\n\n<p class=\"has-small-font-size\">Sky View Factor method as an analytical tool in examining the compactness of urban interior<\/p>\n\n\n\n<p class=\"has-small-font-size\">13.10-13.20 Break<\/p>\n\n\n\n<p class=\"has-small-font-size\">13:20 mgr in\u017c. arch. <strong>Iwona Krawiec<\/strong><\/p>\n\n\n\n<p class=\"has-small-font-size\">New cities and restituted cities. The issue of spatial and architectural transformations, the so-called &#8222;degraded cities&#8221; on the example of centers in the Masovian Voivodeship that regained city status in 2020-24<\/p>\n\n\n\n<p class=\"has-small-font-size\">13:50 mgr in\u017c. arch. <strong>Marcelina Terelak<\/strong>, dr in\u017c. arch. <strong>Jerzy \u0141\u0105tka<\/strong>, mgr in\u017c. arch. <strong>Agata Jasio\u0142ek<\/strong><\/p>\n\n\n\n<p class=\"has-small-font-size\">Temporary housing in the context of conflict and assessment of the environmental benefits of the Styrofoam Housing System structure<\/p>\n\n\n\n<p class=\"has-small-font-size\">14:10 Assoc. Prof. <strong>Volker Ziegler<\/strong>, Assoc. Prof.  <strong>Anne Jaureguiberry<\/strong>, Assoc. Prof.  <strong>Alexandra Pignol-Mroczkowski<\/strong><\/p>\n\n\n\n<p class=\"has-small-font-size\">Tales of transitions<\/p>\n\n\n\n<p class=\"has-small-font-size\">14:30 dr&nbsp;in\u017c. arch. <strong>Agata Pi\u0119t<\/strong><\/p>\n\n\n\n<p class=\"has-small-font-size\">The temporary use of&nbsp; space in contemporary cities<\/p>\n\n\n\n<p class=\"has-small-font-size\">14:50 mgr in\u017c. arch. <strong>Tomasz Dzieduszy\u0144ski<\/strong>, mgr in\u017c. arch. <strong>Olga Czeranowska-Panufnik<\/strong><\/p>\n\n\n\n<p class=\"has-small-font-size\">School Streets Implementation: A Machine Learning Perspective<\/p>\n\n\n\n<p class=\"has-small-font-size\">15:10 dr in\u017c. arch. <strong>Marta Rusnak<\/strong>, prof. <strong>Andrew Duchowski<\/strong><\/p>\n\n\n\n<p class=\"has-small-font-size\">Smart City Eye-Tracking. Technological Challenges<\/p>\n\n\n\n<p class=\"has-small-font-size\">15.30&nbsp; dr&nbsp;sztuki <strong>Piotr Drozdowicz<\/strong><\/p>\n\n\n\n<p class=\"has-small-font-size\">New &#8222;decorum&#8221; in contemporary architecture&nbsp;<\/p>\n\n\n\n<p class=\"has-small-font-size\">15:50 Discussion and conclusion of the second day of proceedings<\/p>\n\n\n\n<p class=\"has-small-font-size\"><strong>20 <\/strong><strong>april <\/strong><strong>2024 (<\/strong><strong>In-person <\/strong><strong>,<\/strong><strong> on-line<\/strong><strong>)<\/strong><\/p>\n\n\n\n<p class=\"has-small-font-size\"><strong>Faculty of Architecture, <\/strong><strong>Wroc\u0142aw<\/strong><strong> University of Science and Technology<\/strong><strong>, bud.E.1<\/strong><\/p>\n\n\n\n<p class=\"has-small-font-size\">10:00 Welcome participants and&nbsp; start of the presentation<\/p>\n\n\n\n<p class=\"has-small-font-size\"><strong>PANEL&nbsp;I&nbsp;&nbsp;&nbsp;&nbsp;&nbsp;<\/strong>&nbsp;&nbsp;&nbsp;&nbsp;&nbsp;&nbsp;&nbsp;&nbsp;&nbsp;&nbsp;&nbsp;&nbsp;&nbsp;&nbsp;&nbsp;&nbsp;&nbsp;&nbsp;<\/p>\n\n\n\n<p class=\"has-small-font-size\">10:10 dr&nbsp;in\u017c. arch. <strong>Ma\u0142gorzata Petelenz<\/strong><\/p>\n\n\n\n<p class=\"has-small-font-size\">Poles on Route 66. Architectural and cultural context<\/p>\n\n\n\n<p class=\"has-small-font-size\">10:30 dr&nbsp;in\u017c. arch. <strong>Ewa Angoneze-Grela<\/strong><\/p>\n\n\n\n<p class=\"has-small-font-size\">How to deal with information overload? Method of analyzing representative features using verifiers \u2013 an example of application in the analysis of half-timbered construction of Pomeranian emigrants in Brazil<\/p>\n\n\n\n<p class=\"has-small-font-size\">10:50 prof. dr hab. in\u017c. arch. <strong>Piotr Marciniak<\/strong><\/p>\n\n\n\n<p class=\"has-small-font-size\">Methodology of conservation works, including the study of displacements and monitoring of the actual work of the structure on the example of the wooden church in Domachowo<\/p>\n\n\n\n<p class=\"has-small-font-size\">11:10 dr hab., prof. UMK <strong>Ulrich Schaaf<\/strong><\/p>\n\n\n\n<p class=\"has-small-font-size\">The significance of church account books for research into the building history on the example of the records of the Church of Peace in Jawor<\/p>\n\n\n\n<p class=\"has-small-font-size\">11:30 dr&nbsp;in\u017c. arch. <strong>Joanna Ways<\/strong><\/p>\n\n\n\n<p class=\"has-small-font-size\">The use of mixed interdisciplinary research methods in the analysis and creation of conservation directives for local plans on the example of the Old Town in Warsaw<\/p>\n\n\n\n<p class=\"has-small-font-size\">11:50 prof. <strong>Wojciech Bonenberg<\/strong><\/p>\n\n\n\n<p class=\"has-small-font-size\">Application of the geo-urban-centric method in the diagnosis of urbanization processes<\/p>\n\n\n\n<p class=\"has-small-font-size\">12:10 prof. dr&nbsp;hab.in\u017c. arch. <strong>Maciej Motak<\/strong><\/p>\n\n\n\n<p class=\"has-small-font-size\">Application of microhistory in the research in architecture and urban sciences<\/p>\n\n\n\n<p class=\"has-small-font-size\">12.30-13:00 Break &#8211; information, guest speech<\/p>\n\n\n\n<p class=\"has-small-font-size\">13:00 dr hab. in\u017c. arch. <strong>Jadwiga Urbanik<\/strong>, dr <strong>Ryszard W\u00f3jtowicz<\/strong> ,dr hab. <strong>Jerzy Ilkosz<\/strong><\/p>\n\n\n\n<p class=\"has-small-font-size\">CMP (Conservation Management Plan) &#8211; a new standard of&nbsp; monuments protection<\/p>\n\n\n\n<p class=\"has-small-font-size\">13:20 Prof. dr hab. in\u017c. arch. <strong>Magdalena \u017bmudzi\u0144ska-Nowak<\/strong>, Prof. arch., PhD <strong>Assunta Pelliccio<\/strong><\/p>\n\n\n\n<p class=\"has-small-font-size\">Lazio Region Paper Mills vs. Upper Silesia brownfields: cultural heritage of post-industrial architecture as a subject of research, projects and international exchange of experience<\/p>\n\n\n\n<p class=\"has-small-font-size\">13:40 dr <strong>Emilia Dziewiecka&nbsp;<\/strong><\/p>\n\n\n\n<p class=\"has-small-font-size\">The Role of the Architectural Comparative Studies for the Nomination of the European Paper Mills for the Inscription on UNESCO World Heritage List.&nbsp;&nbsp;<\/p>\n\n\n\n<p class=\"has-small-font-size\">14:00 dr hab. in\u017c, prof. PW <strong>Anna Maria Wierzbicka<\/strong><\/p>\n\n\n\n<p class=\"has-small-font-size\">Stories of Place: The Impact of Narrative Methodology on Experience in Architectural Research and Design<\/p>\n\n\n\n<p class=\"has-small-font-size\">14:20 dr hab. <strong>Klaudia Stala&nbsp;<\/strong><\/p>\n\n\n\n<p class=\"has-small-font-size\">On contemporary requirements for procedure of design activities within an archaeological reserve<\/p>\n\n\n\n<p class=\"has-small-font-size\">14:40 prof. <strong>Jerzy U\u015bcinowicz<\/strong><\/p>\n\n\n\n<p class=\"has-small-font-size\">The sacred in the ruins &#8211; the problem of interpretive fillings<\/p>\n\n\n\n<p class=\"has-small-font-size\">15:00 dr&nbsp;in\u017c. arch. <strong>Jakub Turbasa<\/strong><\/p>\n\n\n\n<p class=\"has-small-font-size\">The Chapel of the Last Farewell and Seven Joys of Mary Wayside Shrines \u2013 contemporary architectural interventions in the context of the historic Basilica Minor of St. Nicholas sanctuary complex in Rychwa\u0142d<\/p>\n\n\n\n<p class=\"has-small-font-size\">15:20 dr hab. <strong>Agata Gawlak<\/strong>, dr in\u017c. arch. <strong>Piotr Springer<\/strong><\/p>\n\n\n\n<p class=\"has-small-font-size\">Correlations and statistical analyzes in the study of user preferences in architectural design<\/p>\n\n\n\n<p class=\"has-small-font-size\">15:40 dr hab. in\u017c. arch. <strong>Bogus\u0142aw Podhala\u0144ski<\/strong><\/p>\n\n\n\n<p class=\"has-small-font-size\">Research methodology for the project of the National Pantheon in Krakow<\/p>\n\n\n\n<p class=\"has-small-font-size\">16:00 dr in\u017c. arch. <strong>Agnieszka Adamska-Idzikowska<\/strong><\/p>\n\n\n\n<p class=\"has-small-font-size\">The adaptation of historic castles and palaces of the Lower Silesian Voivodeship into contemporary hotels<\/p>\n\n\n\n<p class=\"has-small-font-size\">16:20&nbsp; mgr&nbsp;sztuki <strong>Piotr Kajzer<\/strong><\/p>\n\n\n\n<p class=\"has-small-font-size\">City palace in the landscape of Bielsko and Bia\u0142a<\/p>\n\n\n\n<p class=\"has-small-font-size\">16:40 Doctoral student <strong>Somayeh Afshariazad<\/strong><\/p>\n\n\n\n<p class=\"has-small-font-size\">Investigating the Elements Affecting the Stability of Seljukian Dome Constructions: A Case Study of Isfahan&#8217;s Jameh Mosque<\/p>\n\n\n\n<p class=\"has-small-font-size\"><strong>PANEL II&nbsp;<\/strong>&nbsp;&nbsp;&nbsp;&nbsp;&nbsp;&nbsp;&nbsp;&nbsp;&nbsp;&nbsp;&nbsp;&nbsp;&nbsp;&nbsp;&nbsp;&nbsp;&nbsp;&nbsp;&nbsp;&nbsp;&nbsp;&nbsp;&nbsp;&nbsp;&nbsp;&nbsp;&nbsp;&nbsp;&nbsp;&nbsp;&nbsp;&nbsp;&nbsp;&nbsp;&nbsp;&nbsp;&nbsp;&nbsp;&nbsp;&nbsp;&nbsp;&nbsp;&nbsp;&nbsp;&nbsp;&nbsp;&nbsp;&nbsp;&nbsp;&nbsp;&nbsp;&nbsp;&nbsp;&nbsp;&nbsp;&nbsp;&nbsp;&nbsp;&nbsp;&nbsp;&nbsp;&nbsp;&nbsp;&nbsp;&nbsp;&nbsp;&nbsp;&nbsp;&nbsp;&nbsp;<\/p>\n\n\n\n<p class=\"has-small-font-size\">10:10 dr hab. in\u017c. arch. <strong>Magdalena Baborska-Naro\u017cny<\/strong>, dr in\u017c. <strong>Konrad Lewacki<\/strong>, mgr in\u017c. arch. <strong>Marta Smekta\u0142a<\/strong><\/p>\n\n\n\n<p class=\"has-small-font-size\">Summer in the city (without air conditioning) \u2013 map of night cooling potential and Wroc\u0142aw&#8217;s heat island<\/p>\n\n\n\n<p class=\"has-small-font-size\">10:30 mgr in\u017c. arch. <strong>Agata Wo\u017aniczka<\/strong>, prof. <strong>Barbara Widera<\/strong><\/p>\n\n\n\n<p class=\"has-small-font-size\">Resilient public spaces &#8211; multifunctional urban infrastructure as an opportunity for climate change mitigation<\/p>\n\n\n\n<p class=\"has-small-font-size\">10:50 <strong>Cansu Iraz&nbsp;Seyrek&nbsp;\u015e\u0131k<\/strong><\/p>\n\n\n\n<p class=\"has-small-font-size\">Environmental Benefits of Vertical Green Fa\u00e7ades<\/p>\n\n\n\n<p class=\"has-small-font-size\">11:10 dr hab. in\u017c. arch. <strong>Marcin Brzezicki<\/strong><\/p>\n\n\n\n<p class=\"has-small-font-size\">Phase method in simulation of variable elements in daylight regulation<\/p>\n\n\n\n<p class=\"has-small-font-size\">11:30 Prof. Dr.-Ing. hab. <strong>M.A. Christiane Weber<\/strong>, Dipl.-Ing. <strong>Benjamin Schmid<\/strong><\/p>\n\n\n\n<p class=\"has-small-font-size\">Potential and challenges of retro-digitisation for construction heritage<\/p>\n\n\n\n<p class=\"has-small-font-size\">11:50 dr. phil. <strong>Johannes Dahm<\/strong><\/p>\n\n\n\n<p class=\"has-small-font-size\">Empirical research meets Geocriticism: Interdisciplinary perspectives on the current perception of the remaining wilhelminian-style-architecture in France and Poland<\/p>\n\n\n\n<p class=\"has-small-font-size\">12:10 dr in\u017c. arch. <strong>Aleksandra Marcin\u00f3w<\/strong>, <strong>Ma\u0142gorzata Biega\u0144ska<\/strong>, in\u017c. <strong>Bianka Kowalska<\/strong>, in\u017c. <strong>Daniil Hardzetski<\/strong>, in\u017c. <strong>Hubert Baran<\/strong><\/p>\n\n\n\n<p class=\"has-small-font-size\">Knowledge base of historical tenement facades for machine learning algorithms.<\/p>\n\n\n\n<p class=\"has-small-font-size\">12.30-13:00 Break &#8211; information, guest speech<\/p>\n\n\n\n<p class=\"has-small-font-size\">13:00 &#8211; dr&nbsp;in\u017c. arch. <strong>Barbara \u015awit-Jankowska<\/strong><\/p>\n\n\n\n<p class=\"has-small-font-size\"><strong>Digital twin &#8211; a modern concept of museology<\/strong>&nbsp;<\/p>\n\n\n\n<p class=\"has-small-font-size\">13:20 mgr&nbsp;in\u017c arch. <strong>Karolina W\u00f3jtowicz<\/strong><\/p>\n\n\n\n<p class=\"has-small-font-size\">Virtual reality for cultural heritage how 3D models, VR and gaming technology extend the reality<\/p>\n\n\n\n<p class=\"has-small-font-size\">13:40 mgr&nbsp;in\u017c. arch. <strong>Karol Argasi\u0144ski<\/strong><\/p>\n\n\n\n<p class=\"has-small-font-size\">Opportunities for standardization of digital Heritage BIM-based survey processes to preserve cultural heritage<\/p>\n\n\n\n<p class=\"has-small-font-size\">14:00 dr&nbsp;in\u017c. arch. <strong>Agnieszka Rumie\u017c<\/strong><\/p>\n\n\n\n<p class=\"has-small-font-size\">Interpretation of a functional program of a building in the light of planar graph theory<\/p>\n\n\n\n<p class=\"has-small-font-size\">14:20&nbsp; dr in\u017c. arch. <strong>Anna Stefa\u0144ska<\/strong>, mgr in\u017c. arch. <strong>Ma\u0142gorzata Kurcjusz<\/strong><\/p>\n\n\n\n<p class=\"has-small-font-size\">Selected aspects of using artificial intelligence in architectural design<\/p>\n\n\n\n<p class=\"has-small-font-size\">14:40 mgr in\u017c. arch. <strong>Ewa Tokarska-Go\u0142\u0119biewska<\/strong><\/p>\n\n\n\n<p class=\"has-small-font-size\">Agent-based modelling and its potential in architectural and urban design<\/p>\n\n\n\n<p class=\"has-small-font-size\">15:00 dr in\u017c. arch. <strong>Anna Stefa\u0144ska<\/strong>, in\u017c. arch. <strong>Maja Sutkowska<\/strong><\/p>\n\n\n\n<p class=\"has-small-font-size\">Comparative Analysis of Minimizing Carbon Footprint in Expansion: Classical Technology versus Natural Materials<\/p>\n\n\n\n<p class=\"has-small-font-size\">15:20 mgr. In\u017c. arch. <strong>Aleksandra Kr\u0119t-Grze\u015bkowiak<\/strong><\/p>\n\n\n\n<p class=\"has-small-font-size\">Multiple life cycles of structural timber or effective incineration? Life Cycle Assessment in case of single-family housing<\/p>\n\n\n\n<p class=\"has-small-font-size\">15:40 dr&nbsp;in\u017c. <strong>Inna Abramiuk<\/strong>, dr in\u017c. Nimet Pinar \u00d6zg\u00fcner<\/p>\n\n\n\n<p class=\"has-small-font-size\">Assessing women&#8217;s sense of safety in public spaces on the campus of the University of Zielona Gora (case study)<\/p>\n\n\n\n<p class=\"has-small-font-size\">16:00 mgr&nbsp;in\u017c. arch. <strong>Szymon Kici\u0144ski<\/strong><\/p>\n\n\n\n<p class=\"has-small-font-size\">Common perception of beauty in architecture<\/p>\n\n\n\n<p class=\"has-small-font-size\">16:20&nbsp; mgr&nbsp;in\u017c. <strong>Pawe\u0142 Mieros\u0142awski<\/strong><\/p>\n\n\n\n<p class=\"has-small-font-size\">Vanishing types of buildings and structures of railway technical facilities<\/p>\n\n\n\n<p class=\"has-small-font-size\">17.00 Ending<\/p>\n","protected":false},"excerpt":{"rendered":"<p>SCHEDULE 18 april 2024 (on-line) 10:00 Welcome participants and&nbsp; start of the presentation 10:10 dr hab. in\u017c. arch. Bogna Ludwig Attica \u2013 an Architectural Term. Comparative Explorations in the Era of Remote Availability of Printed Archival Sources 10:30 mgr&nbsp;in\u017c. arch. Szymon Kowalski Immersive visualization methods for historical architecture 10:50 dr&nbsp;in\u017c. arch. Rafa\u0142 Karnicki Author&#8217;s use&hellip; <a class=\"more-link\" href=\"https:\/\/archresci.pwr.edu.pl\/?page_id=506&#038;lang=en\">Czytaj dalej <span class=\"screen-reader-text\">Schedule 18-20 IV 2024<\/span><\/a><\/p>\n","protected":false},"author":2,"featured_media":0,"parent":0,"menu_order":0,"comment_status":"closed","ping_status":"closed","template":"","meta":{"_eb_attr":"","footnotes":""},"class_list":["post-506","page","type-page","status-publish","hentry","entry"],"_links":{"self":[{"href":"https:\/\/archresci.pwr.edu.pl\/index.php?rest_route=\/wp\/v2\/pages\/506","targetHints":{"allow":["GET"]}}],"collection":[{"href":"https:\/\/archresci.pwr.edu.pl\/index.php?rest_route=\/wp\/v2\/pages"}],"about":[{"href":"https:\/\/archresci.pwr.edu.pl\/index.php?rest_route=\/wp\/v2\/types\/page"}],"author":[{"embeddable":true,"href":"https:\/\/archresci.pwr.edu.pl\/index.php?rest_route=\/wp\/v2\/users\/2"}],"replies":[{"embeddable":true,"href":"https:\/\/archresci.pwr.edu.pl\/index.php?rest_route=%2Fwp%2Fv2%2Fcomments&post=506"}],"version-history":[{"count":9,"href":"https:\/\/archresci.pwr.edu.pl\/index.php?rest_route=\/wp\/v2\/pages\/506\/revisions"}],"predecessor-version":[{"id":687,"href":"https:\/\/archresci.pwr.edu.pl\/index.php?rest_route=\/wp\/v2\/pages\/506\/revisions\/687"}],"wp:attachment":[{"href":"https:\/\/archresci.pwr.edu.pl\/index.php?rest_route=%2Fwp%2Fv2%2Fmedia&parent=506"}],"curies":[{"name":"wp","href":"https:\/\/api.w.org\/{rel}","templated":true}]}}