{"id":500,"date":"2024-02-18T12:25:03","date_gmt":"2024-02-18T12:25:03","guid":{"rendered":"https:\/\/archresci.pwr.edu.pl\/?page_id=500"},"modified":"2024-04-18T08:12:46","modified_gmt":"2024-04-18T08:12:46","slug":"program-18-20-iv-2024","status":"publish","type":"page","link":"https:\/\/archresci.pwr.edu.pl\/?page_id=500","title":{"rendered":"Program 18 -20 IV 2024"},"content":{"rendered":"\n<p class=\"has-text-align-center has-extra-large-font-size\"><strong>PROGRAM<\/strong><\/p>\n\n\n\n<p class=\"has-large-font-size\"><strong><span style=\"text-decoration: underline;\">18 kwietnia 2024 (on-line)<\/span><\/strong><\/p>\n\n\n\n<p class=\"has-small-font-size\">10:00 Powitanie uczestnik\u00f3w i rozpocz\u0119cie obrad<\/p>\n\n\n\n<p class=\"has-small-font-size\">10:10 dr hab. in\u017c. arch. <strong>Bogna Ludwig<\/strong><\/p>\n\n\n\n<p class=\"has-small-font-size\">Attyka \u2013 termin architektoniczny. Poszukiwania por\u00f3wnawcze w dobie zdalnej dost\u0119pno\u015bci drukowanych \u017ar\u00f3de\u0142 archiwalnych<\/p>\n\n\n\n<p class=\"has-small-font-size\">10:30 mgr in\u017c. arch. <strong>Szymon Kowalski<\/strong><\/p>\n\n\n\n<p class=\"has-small-font-size\">Immersyjne metody wizualizacji architektury zabytkowej<\/p>\n\n\n\n<p class=\"has-small-font-size\">10:50 dr in\u017c. arch. <strong>Rafa\u0142 Karnicki<\/strong><\/p>\n\n\n\n<p class=\"has-small-font-size\">Autorskie wykorzystanie modelowania przestrzennego w realizacjach konserwatorskich<\/p>\n\n\n\n<p class=\"has-small-font-size\">11:10 dr in\u017c. <strong>\u0141ukasz Bednarz<\/strong>, dr in\u017c. arch. <strong>Alicja Hoyenski<\/strong>, mgr in\u017c. arch. <strong>Gabriela Wojciechowska<\/strong><\/p>\n\n\n\n<p class=\"has-small-font-size\">Badania i konserwacja sklepie\u0144 historycznych<\/p>\n\n\n\n<p class=\"has-small-font-size\">11:30 prof. dr hab. <strong>Ewa \u0141u\u017cyniecka<\/strong><\/p>\n\n\n\n<p class=\"has-small-font-size\">Metody datowania stosowane w czasie bada\u0144 stratygraficznych architektury o metryce \u015bredniowiecznej<\/p>\n\n\n\n<p class=\"has-small-font-size\">11:50 dr in\u017c. arch. <strong>Ma\u0142gorzata Doroz-Turek<\/strong><\/p>\n\n\n\n<p class=\"has-small-font-size\">Dokumentacja zabytk\u00f3w i badania architektoniczne na przyk\u0142adzie Ko\u015bcio\u0142a \u015bw. Jakuba i klasztorze dominikan\u00f3w w Sandomierzu<\/p>\n\n\n\n<p class=\"has-small-font-size\">12:10 prof.dr hab. <strong>Ma\u0142gorzata Chorowska<\/strong>, dr <strong>Maria Legut-Pintal<\/strong><\/p>\n\n\n\n<p class=\"has-small-font-size\">Interdyscyplinarne badania zamk\u00f3w w kontek\u015bcie cyfrowego katalogu zamk\u00f3w i dwor\u00f3w obronnych \u015al\u0105ska<\/p>\n\n\n\n<p class=\"has-small-font-size\">12:30 prof. dr hab. in\u017c. arch. <strong>Aleksander Piwek<\/strong><\/p>\n\n\n\n<p class=\"has-small-font-size\">G\u0142\u00f3wne wej\u015bcie do ko\u015bcio\u0142a cysters\u00f3w w Oliwie<\/p>\n\n\n\n<p class=\"has-small-font-size\">12:50&nbsp; mgr in\u017c. arch. <strong>Franciszek Hackemer<\/strong><\/p>\n\n\n\n<p class=\"has-small-font-size\">Portal O\u0142bi\u0144ski &#8211; pr\u00f3ba rekompozycji w cyfrowym \u015brodowisku 3D&nbsp;<\/p>\n\n\n\n<p class=\"has-small-font-size\">13:10&nbsp;dr hab.in\u017c.arch. <strong>Anna Boj\u0119\u015b-Bia\u0142asik<\/strong>, dr <strong>Marcin Szyma<\/strong>, mgr archeologii <strong>Monika \u0141yczak<\/strong><\/p>\n\n\n\n<p class=\"has-small-font-size\">Gotycki ko\u015bci\u00f3\u0142 w Witowie &#8211; badania i interpretacje<\/p>\n\n\n\n<p class=\"has-small-font-size\">                                    <span style=\"text-decoration: underline;\">13.30-13.50 Przerwa na dyskusj\u0119<\/span><\/p>\n\n\n\n<p class=\"has-small-font-size\">13.50 dr in\u017c. arch. <strong>Ewa Netczuk-Pol<\/strong>, mgr in\u017c. arch. <strong>\u0141ukasz Netczuk<\/strong><\/p>\n\n\n\n<p class=\"has-small-font-size\">Przebudowa fasady i wie\u017cy ko\u015bcio\u0142a pw. Podwy\u017cszenia Krzy\u017ca \u015awi\u0119tego w Kostom\u0142otach wed\u0142ug projektu autorstwa Karla Friedricha Schinkla na tle innych jego realizacji jako przyk\u0142ad przebudowy barokowego ko\u015bcio\u0142a w duchu neogotyku<\/p>\n\n\n\n<p class=\"has-small-font-size\">14:10 dr in\u017c. arch. <strong>Rafa\u0142 Radziewicz-Winnicki<\/strong><\/p>\n\n\n\n<p class=\"has-small-font-size\">O\u015brodek us\u0142ugowy zespo\u0142u wczasowego Jaszowiec &#8211; Utracone dziedzictwo modernizmu<\/p>\n\n\n\n<p class=\"has-small-font-size\">14:30 dr in\u017c. arch. <strong>Anna Sulimowska<\/strong><\/p>\n\n\n\n<p class=\"has-small-font-size\">Analiza potencja\u0142u rozwojowego g\u00f3rno\u015bl\u0105skich wie\u017c ci\u015bnie\u0144, jako element\u00f3w dziedzictwa kulturowego regionu przemys\u0142owego<\/p>\n\n\n\n<p class=\"has-small-font-size\">14:50 dr <strong>Daria Jagie\u0142\u0142o<\/strong><\/p>\n\n\n\n<p class=\"has-small-font-size\">Toru\u0144skie wodoci\u0105gi \u2013 historia niewielkiego zespo\u0142u dawnej stacji pomp &#8222;Nowe Bielany&#8221; w \u015bwietle \u017ar\u00f3de\u0142 archiwalnych i nie tylko<\/p>\n\n\n\n<p class=\"has-small-font-size\">15:10 dr in\u017c. arch. <strong>Micha\u0142 Kwasek<\/strong><\/p>\n\n\n\n<p class=\"has-small-font-size\">Infrastruktura tramwajowa &#8211; rozwi\u0105zania historyczne i ich kontynuacja we wsp\u00f3\u0142czesno\u015bci<\/p>\n\n\n\n<p class=\"has-small-font-size\">15:30 dr in\u017c. arch. <strong>Monika Neff<\/strong><\/p>\n\n\n\n<p class=\"has-small-font-size\">Mieszka\u0144cy jurydyki Ordynackiej w Warszawie \u2013 struktura spo\u0142eczno-zawodowa na podstawie Protoko\u0142u rewizji z 1792 r.<\/p>\n\n\n\n<p class=\"has-small-font-size\">15.50 Dyskusja i zako\u0144czenie pierwszego dnia obrad<\/p>\n\n\n\n<p class=\"has-large-font-size\"><strong><span style=\"text-decoration: underline;\">19 kwietnia 2024 (on-line)<\/span><\/strong><\/p>\n\n\n\n<p class=\"has-small-font-size\">9:00 Powitanie uczestnik\u00f3w i rozpocz\u0119cie obrad 18<\/p>\n\n\n\n<p class=\"has-small-font-size\">9:10 mgr in\u017c. arch. <strong>Magdalena Odziemek<\/strong><\/p>\n\n\n\n<p class=\"has-small-font-size\">Bezpieczny Kredyt 2% &#8211; jak wygl\u0105da\u0142 wroc\u0142awski rynek nieruchomo\u015bci mieszkaniowych po wprowadzeniu programu rz\u0105dowego<\/p>\n\n\n\n<p class=\"has-small-font-size\">9:30 dr in\u017c. arch. <strong>Magda Matuszewska<\/strong><\/p>\n\n\n\n<p class=\"has-small-font-size\">Modelowanie jako metoda partycypacyjna w projektowaniu architektury ochrony zdrowia<\/p>\n\n\n\n<p class=\"has-small-font-size\">9:50 &nbsp;dr <strong>Jakub Marsza\u0142kiewicz<\/strong><\/p>\n\n\n\n<p class=\"has-small-font-size\">Rozw\u00f3j architektury wn\u0119trz&nbsp;statk\u00f3w powietrznych na przestrzeni lat<\/p>\n\n\n\n<p class=\"has-small-font-size\">10:10 mgr in\u017c. arch. <strong>Magdalena Grzegorzewska<\/strong><\/p>\n\n\n\n<p class=\"has-small-font-size\">Istota wymaga\u0144 pro\u015brodowiskowych i dobrostanu u\u017cytkownik\u00f3w w modernizacji budynk\u00f3w biurowych prze\u0142omu XX i XXI wieku<\/p>\n\n\n\n<p class=\"has-small-font-size\">            <span style=\"text-decoration: underline;\">10:30 -10.50 Przerwa na dyskusj\u0119<\/span><\/p>\n\n\n\n<p class=\"has-small-font-size\"> 10:50 dr in\u017c. <strong>Andrzej Borkowski<\/strong><\/p>\n\n\n\n<p class=\"has-small-font-size\">Podej\u015bcie mieszane do uczenia si\u0119 opartego na dociekaniu na przyk\u0142adzie interdyscyplinarnego przedmiotu BIM na kierunku studi\u00f3w gospodarka przestrzenna<\/p>\n\n\n\n<p class=\"has-small-font-size\">11:10 &nbsp;mgr. in\u017c. arch. <strong>Ewa Szymczyk<\/strong><\/p>\n\n\n\n<p class=\"has-small-font-size\">Kompaktowo\u015b\u0107 miast Polski &#8211; metodologie i analiza<\/p>\n\n\n\n<p class=\"has-small-font-size\">12:40-13:00 Przerwa na dyskusj\u0119<\/p>\n\n\n\n<p class=\"has-small-font-size\">11:30 dr in\u017c. Jerzy \u0141adysz<\/p>\n\n\n\n<p class=\"has-small-font-size\">Koncepcja odpowiedzialnego planowania przestrzennego<\/p>\n\n\n\n<p class=\"has-small-font-size\">11:50 dr in\u017c. arch. <strong>Agnieszka Ptak-Wojciechowska<\/strong><\/p>\n\n\n\n<p class=\"has-small-font-size\">Wykorzystanie metody Analytic Hierarchy Process (AHP) do oceny jako\u015bci \u017cycia os\u00f3b starszych w miastach pod wzgl\u0119dem aspekt\u00f3w architektoniczno-urbanistycznych<\/p>\n\n\n\n<p class=\"has-small-font-size\">12:10 mgr in\u017c. arch. <strong>Dominika Kumorek<\/strong><\/p>\n\n\n\n<p class=\"has-small-font-size\">Nowoczesne metody analizy warunk\u00f3w akustycznych przestrzeni zewn\u0119trznych<\/p>\n\n\n\n<p class=\"has-small-font-size\">12:30 Dr hab. in\u017c. arch., prof. PP <strong>Dominika Pazder<\/strong><\/p>\n\n\n\n<p class=\"has-small-font-size\">Wyznaczanie obszar\u00f3w kreatywno\u015bci \u2013 creative&nbsp;syntax jako narz\u0119dzie o\u017cywiania przestrzeni \u015br\u00f3dmiejskiej w aspekcie przestrzennym i spo\u0142eczno-ekonomicznym<\/p>\n\n\n\n<p class=\"has-small-font-size\">12:50 dr in\u017c. arch. <strong>Bartosz Ka\u017amierczak<\/strong><\/p>\n\n\n\n<p class=\"has-small-font-size\">Metoda Sky&nbsp;View&nbsp;Factor &#8211; jako narz\u0119dzie analityczne w badaniu zwarto\u015bci wn\u0119trza urbanistycznego<\/p>\n\n\n\n<p class=\"has-small-font-size\">                                       <span style=\"text-decoration: underline;\">13.10-13.20 przerwa<\/span><\/p>\n\n\n\n<p class=\"has-small-font-size\">13:20 mgr in\u017c. arch. <strong>Iwona Krawiec<\/strong><\/p>\n\n\n\n<p class=\"has-small-font-size\">Nowe miasta a miasta zrestytuowane. Zagadnienie przekszta\u0142ce\u0144 przestrzennych i architektonicznych tzw. \u201emiast zdegradowanych\u201d na przyk\u0142adzie o\u015brodk\u00f3w z terenu wojew\u00f3dztwa mazowieckiego na kt\u00f3re odzyska\u0142y status miasta w latach 2020-24<\/p>\n\n\n\n<p class=\"has-small-font-size\">13:50 mgr in\u017c. arch. <strong>Marcelina Terelak<\/strong>, dr in\u017c. arch. <strong>Jerzy \u0141\u0105tka<\/strong> ,mgr in\u017c. arch. <strong>Agata Jasio\u0142ek<\/strong><\/p>\n\n\n\n<p class=\"has-small-font-size\">Tymczasowe zamieszkiwanie w kontek\u015bcie konfliktu oraz ocena korzy\u015bci \u015brodowiskowych z zastosowania struktury Styrofoam&nbsp;Housing System<\/p>\n\n\n\n<p class=\"has-small-font-size\">14:10 Assoc. Prof. <strong>Volker Ziegler<\/strong>, Assoc. Prof.  <strong>Anne Jaureguiberry<\/strong>, Assoc. Prof. <strong>Alexandra Pignol-Mroczkowski<\/strong><\/p>\n\n\n\n<p class=\"has-small-font-size\">Opowie\u015bci o przemianach (Tales of transitions)<\/p>\n\n\n\n<p class=\"has-small-font-size\">14:30 dr in\u017c. arch. <strong>Agata Pi\u0119t<\/strong><\/p>\n\n\n\n<p class=\"has-small-font-size\">Tymczasowe u\u017cytkowanie przestrzeni we wsp\u00f3\u0142czesnych miastach<\/p>\n\n\n\n<p class=\"has-small-font-size\">14:50 mgr in\u017c. arch. <strong>Tomasz Dzieduszy\u0144ski<\/strong>, mgr in\u017c. arch. <strong>Olga Czeranowska-Panufnik<\/strong><\/p>\n\n\n\n<p class=\"has-small-font-size\">Wprowadzanie ulic szkolnych, perspektywa uczenia maszynowego (School Streets Implementation: A Machine Learning Perspective)<\/p>\n\n\n\n<p class=\"has-small-font-size\">15:10 dr in\u017c. arch. <strong>Marta Rusnak<\/strong>, prof. <strong>Andrew Duchowski<\/strong><\/p>\n\n\n\n<p class=\"has-small-font-size\">Smart city&nbsp;eye-tracking &#8211; wyzwania technologiczne<\/p>\n\n\n\n<p class=\"has-small-font-size\">15.30&nbsp; dr sztuki <strong>Piotr Drozdowicz<\/strong><\/p>\n\n\n\n<p class=\"has-small-font-size\">Nowe &#8222;dekorum&#8221; w architekturze wsp\u00f3\u0142czesnej<\/p>\n\n\n\n<p class=\"has-small-font-size\">15:50 Dyskusja i zako\u0144czenie drugiego dnia obrad<\/p>\n\n\n\n<p class=\"has-large-font-size\"><strong><span style=\"text-decoration: underline;\">20 kwietnia 2024 (obrady stacjonarne i on-line)<\/span><\/strong><\/p>\n\n\n\n<p class=\"has-small-font-size\"><strong>Wydzia\u0142 Architektury Politechniki Wroc\u0142awskiej, bud.E.1<\/strong><\/p>\n\n\n\n<p class=\"has-small-font-size\">10:00 Powitanie uczestnik\u00f3w i rozpocz\u0119cie obrad&nbsp;&nbsp;&nbsp;<\/p>\n\n\n\n<p class=\"has-large-font-size\"><strong>PANEL I&nbsp;&nbsp;&nbsp;&nbsp;&nbsp;&nbsp;&nbsp;&nbsp;&nbsp;&nbsp;&nbsp;&nbsp;&nbsp;&nbsp;&nbsp;&nbsp;&nbsp;&nbsp;&nbsp;&nbsp;&nbsp;&nbsp;&nbsp;&nbsp;&nbsp;&nbsp;&nbsp;&nbsp;&nbsp;&nbsp;&nbsp;&nbsp;&nbsp;&nbsp;&nbsp;&nbsp;&nbsp;&nbsp;&nbsp;&nbsp;&nbsp;&nbsp;&nbsp;<\/strong><\/p>\n\n\n\n<p class=\"has-small-font-size\">10:10 dr in\u017c. arch. <strong>Ma\u0142gorzata Petelenz<\/strong><\/p>\n\n\n\n<p class=\"has-small-font-size\">Polacy na Route 66. Kontekst architektoniczny i kulturowy<\/p>\n\n\n\n<p class=\"has-small-font-size\">10:30 dr in\u017c. arch. <strong>Ewa Angoneze-Grela<\/strong><\/p>\n\n\n\n<p class=\"has-small-font-size\">Jak radzi\u0107 sobie z przeci\u0105\u017ceniem informacyjnym? Metoda analizy cech reprezentatywnych za pomoc\u0105 weryfikator\u00f3w \u2013 przyk\u0142ad zastosowania w analizie budownictwa ryglowego pomorskich emigrant\u00f3w w Brazylii<\/p>\n\n\n\n<p class=\"has-small-font-size\">10:50 prof. dr hab. in\u017c. arch. <strong>Piotr Marciniak<\/strong><\/p>\n\n\n\n<p class=\"has-small-font-size\">Metodyka prac konserwatorskich z uwzgl\u0119dnieniem badania przemieszcze\u0144 oraz analizy rzeczywistej pracy konstrukcji na przyk\u0142adzie drewnianego ko\u015bcio\u0142a w Domachowie<\/p>\n\n\n\n<p class=\"has-small-font-size\">11:10 dr hab., prof. UMK <strong>Ulrich Schaaf<\/strong><\/p>\n\n\n\n<p class=\"has-small-font-size\">Znaczenie ko\u015bcielnych ksi\u0105g rachunkowych dla bada\u0144 nad histori\u0105 budowlan\u0105 na przyk\u0142adzie Akt Ko\u015bcio\u0142a Pokoju w Jaworze<\/p>\n\n\n\n<p class=\"has-small-font-size\">11:30 dr in\u017c. arch.<strong> Joanna Ways<\/strong><\/p>\n\n\n\n<p class=\"has-small-font-size\">Wykorzystanie mieszanych interdyscyplinarnych metod badawczych w analizach i tworzeniu wytycznych konserwatorskich do plan\u00f3w miejscowych na przyk\u0142adzie Starego Miasta w Warszawie<\/p>\n\n\n\n<p class=\"has-small-font-size\">11:50 prof. <strong>Wojciech Bonenberg<\/strong><\/p>\n\n\n\n<p class=\"has-small-font-size\">Zastosowanie metody geo-urban-centric w diagnostyce proces\u00f3w urbanizacji urbanizacja, metoda geo-urban-centric, diagnoza funkcjonalno-przestrzenna<\/p>\n\n\n\n<p class=\"has-small-font-size\">12:10 prof. dr&nbsp;hab. in\u017c. arch. <strong>Maciej Motak<\/strong><\/p>\n\n\n\n<p class=\"has-small-font-size\">Zastosowanie metody mikrohistorycznej w badaniach dotycz\u0105cych architektury i urbanistyki<\/p>\n\n\n\n<p class=\"has-small-font-size\">              <span style=\"text-decoration: underline;\">12.30-13:00 Przerwa -informacje, wyst\u0105pienie go\u015bci<\/span><\/p>\n\n\n\n<p class=\"has-small-font-size\">13:00&nbsp;dr hab. in\u017c. arch. <strong>Jadwiga Urbanik<\/strong>, dr <strong>Ryszard W\u00f3jtowicz<\/strong> ,dr hab. <strong>Jerzy Ilkosz<\/strong><\/p>\n\n\n\n<p class=\"has-small-font-size\">CMP (Conservation Management Plan) &#8211; nowy standard opieki nad zabytkami<\/p>\n\n\n\n<p class=\"has-small-font-size\">13:20 Prof. dr hab. in\u017c. arch. <strong>Magdalena \u017bmudzi\u0144ska-Nowak<\/strong>, Prof. arch., PhD<strong> Assunta Pelliccio<\/strong><\/p>\n\n\n\n<p class=\"has-small-font-size\">Papiernie Regionu Lacjum a tereny poprzemys\u0142owe G\u00f3rnego \u015al\u0105ska: dziedzictwo kulturowe architektury poprzemys\u0142owej jako przedmiot bada\u0144, projekt\u00f3w i mi\u0119dzynarodowej wymiany do\u015bwiadcze\u0144 (Lazio Region Paper Mills vs. Upper Silesia brownfields: cultural&nbsp;heritage of post-industrial&nbsp;architecture as a subject of research, projects and international exchange of experience)<\/p>\n\n\n\n<p class=\"has-small-font-size\">13:40 dr <strong>Emilia Dziewiecka&nbsp;<\/strong><\/p>\n\n\n\n<p class=\"has-small-font-size\">Znaczenie architektonicznych bada\u0144 por\u00f3wnawczych dla nominacji europejskich m\u0142yn\u00f3w papierniczych do wpisu na List\u0119 \u015awiatowego Dziedzictwa UNESCO<\/p>\n\n\n\n<p class=\"has-small-font-size\">14:00 dr hab. in\u017c, prof.PW <strong>Anna Maria Wierzbicka<\/strong><\/p>\n\n\n\n<p class=\"has-small-font-size\">Opowie\u015bci miejsca: Wp\u0142yw metody narracyjnej na do\u015bwiadczenie w badaniach i projektowaniu architektonicznym<\/p>\n\n\n\n<p class=\"has-small-font-size\">14:20 dr hab. <strong>Klaudia Stala&nbsp;&nbsp;<\/strong><\/p>\n\n\n\n<p class=\"has-small-font-size\">O wsp\u00f3\u0142czesnych wymogach post\u0119powania przy dzia\u0142aniach projektowych w obr\u0119bie rezerwatu archeologicznego<\/p>\n\n\n\n<p class=\"has-small-font-size\">14:40 prof. <strong>Jerzy U\u015bcinowicz<\/strong><\/p>\n\n\n\n<p class=\"has-small-font-size\">Sacrum w ruinie &#8211; problem wype\u0142nie\u0144 interpretacyjnych<\/p>\n\n\n\n<p class=\"has-small-font-size\">15:00 dr in\u017c. arch. <strong>Jakub Turbasa<\/strong><\/p>\n\n\n\n<p class=\"has-small-font-size\">Kaplica Ostatniego Po\u017cegnania oraz \u015acie\u017cka Siedmiu Rado\u015bci NMP &#8211; wsp\u00f3\u0142czesne interwencje architektoniczne w kontek\u015bcie zabytkowego zespo\u0142u sanktuaryjnej bazyliki mniejszej pw. \u015bw. Miko\u0142aja w Rychwa\u0142dzie<\/p>\n\n\n\n<p class=\"has-small-font-size\">15:20 dr hab. <strong>Agata Gawlak<\/strong>, dr in\u017c. arch.<strong> Piotr Springer<\/strong><\/p>\n\n\n\n<p class=\"has-small-font-size\">Korelacje i analizy statystyczne w badaniu preferencji u\u017cytkownik\u00f3w w projektowaniu architektonicznym<\/p>\n\n\n\n<p class=\"has-small-font-size\">15:40 dr hab. in\u017c. arch. <strong>Bogus\u0142aw Podhala\u0144ski<\/strong><\/p>\n\n\n\n<p class=\"has-small-font-size\">Metodyka bada\u0144 do projektu Panteonu Narodowego w Krakowie<\/p>\n\n\n\n<p class=\"has-small-font-size\">16:00 dr in\u017c. arch.&nbsp; <strong>Agnieszka Adamska-Idzikowska<\/strong><\/p>\n\n\n\n<p class=\"has-small-font-size\">Adaptacje zabytkowych zamk\u00f3w i pa\u0142ac\u00f3w wojew\u00f3dztwa dolno\u015bl\u0105skiego na wsp\u00f3\u0142czesne hotele<\/p>\n\n\n\n<p class=\"has-small-font-size\">16:20 &nbsp;mgr sztuki <strong>Piotr Kajzer<\/strong><\/p>\n\n\n\n<p class=\"has-small-font-size\">Pa\u0142ac Miejski w Krajobrazie Bielska i Bia\u0142ej<\/p>\n\n\n\n<p class=\"has-small-font-size\">16:40 Doctoral student <strong>Somayeh Afshariazad<\/strong><\/p>\n\n\n\n<p class=\"has-small-font-size\">Badanie element\u00f3w wp\u0142ywaj\u0105cych na stabilno\u015b\u0107 seljuckich konstrukcji kopu\u0142owych \u2013 studium przypadku meczetu Jameh w Isfahanie (Investigating the Elements Affecting the Stability of Seljukian Dome Constructions: A Case Study of Isfahan&#8217;s Jameh Mosque)<\/p>\n\n\n\n<p class=\"has-large-font-size\"><strong>PANEL II<\/strong><\/p>\n\n\n\n<p class=\"has-small-font-size\">10:10 dr hab. in\u017c. arch. <strong>Magdalena Baborska-Naro\u017cny<\/strong>, dr in\u017c. <strong>Konrad Lewack<\/strong>i, mgr in\u017c. arch. <strong>Marta Smekta\u0142a<\/strong><\/p>\n\n\n\n<p class=\"has-small-font-size\">Lato w mie\u015bcie (bez klimatyzacji) \u2013 mapa potencja\u0142u ch\u0142odzenia nocnego, a wroc\u0142awska wyspa ciep\u0142a<\/p>\n\n\n\n<p class=\"has-small-font-size\">10:30 mgr in\u017c. arch. <strong>Agata Wo\u017aniczka<\/strong>, prof. <strong>Barbara Widera<\/strong><\/p>\n\n\n\n<p class=\"has-small-font-size\">Rezylientne przestrzenie publiczne &#8211; wielofunkcyjna infrastruktura miejska szans\u0105 na \u0142agodzenie skutk\u00f3w zmian klimatycznych<\/p>\n\n\n\n<p class=\"has-small-font-size\">10:50 <strong>Cansu Iraz Seyrek \u015e\u0131k<\/strong><\/p>\n\n\n\n<p class=\"has-small-font-size\">Pionowe zielone fasady &#8211; korzy\u015bci dla \u015brodowiska (Environmental Benefits of Vertical Green Fa\u00e7ades)<\/p>\n\n\n\n<p class=\"has-small-font-size\">11:10 dr hab. in\u017c. arch. <strong>Marcin Brzezicki<\/strong><\/p>\n\n\n\n<p class=\"has-small-font-size\">Metoda fazowa w symulacji zmiennych element\u00f3w regulacji \u015bwiat\u0142a dziennego<\/p>\n\n\n\n<p class=\"has-small-font-size\">11:30 <a>Prof. Dr.-Ing. hab. <strong>M.A. Christiane Weber<\/strong>, Dipl.-Ing<strong>. Benjamin Schmid<\/strong><\/a><\/p>\n\n\n\n<p class=\"has-small-font-size\">Potencja\u0142&nbsp;i&nbsp;wyzwania retro-digitalizacji&nbsp;dziedzictwa&nbsp;budowlanego (Potential and challenges of retro-digitisation for construction heritage)<\/p>\n\n\n\n<p class=\"has-small-font-size\">11:50 <a>dr. phil. <strong>Johannes Dahm<\/strong><\/a><\/p>\n\n\n\n<p class=\"has-small-font-size\">Badania&nbsp;empiryczne&nbsp;spotykaj\u0105&nbsp;si\u0119 z geokrytyk\u0105: interdyscyplinarne&nbsp;perspektywy&nbsp;wsp\u00f3\u0142czesnego&nbsp;postrzegania&nbsp;architektury&nbsp;wilhelmi\u0144skiej we Francji&nbsp;i&nbsp;Polsce&nbsp;(Empirical research meets Geocriticism: Interdisciplinary perspectives on the current perception of the remaining wilhelminian-style-architecture in France and Poland)<\/p>\n\n\n\n<p class=\"has-small-font-size\">12:10&nbsp;dr in\u017c. arch. <strong>Aleksandra Marcin\u00f3w<\/strong>, <strong>Ma\u0142gorzata Biega\u0144ska<\/strong>, in\u017c. B<strong>ianka Kowalska<\/strong>, in\u017c. <strong>Daniil&nbsp;Hardzetski<\/strong>, in\u017c. <strong>Hubert Baran<\/strong><\/p>\n\n\n\n<p class=\"has-small-font-size\">Baza danych treningowych elewacji kamienic historycznych dla algorytm\u00f3w uczenia maszynowego<\/p>\n\n\n\n<p class=\"has-small-font-size\"><span style=\"text-decoration: underline;\">12.30-13:00 Przerwa -informacje, wyst\u0105pienie go\u015bci<\/span><\/p>\n\n\n\n<p class=\"has-small-font-size\">13:00 &#8211; dr in\u017c. arch. <strong>Barbara \u015awit-Jankowska<\/strong><\/p>\n\n\n\n<p class=\"has-small-font-size\">Digital twin &#8211; nowoczesna koncepcja muzealnictwa<\/p>\n\n\n\n<p class=\"has-small-font-size\">13:20 mgr in\u017c arch. <strong>Karolina W\u00f3jtowicz<\/strong><\/p>\n\n\n\n<p class=\"has-small-font-size\">Rzeczywisto\u015b\u0107 wirtualna dla dziedzictwa kulturalnego jak modele 3D, VR i technologia gier poszerzaj\u0105 rzeczywisto\u015b\u0107<\/p>\n\n\n\n<p class=\"has-small-font-size\">13:40 mgr in\u017c. arch. <strong>Karol Argasi\u0144ski<\/strong><\/p>\n\n\n\n<p class=\"has-small-font-size\">Mo\u017cliwo\u015bci standaryzacji proces\u00f3w inwentaryzacji cyfrowych Heritage BIM celem zachowania dziedzictwa kulturowego<\/p>\n\n\n\n<p class=\"has-small-font-size\">14:00 dr in\u017c. arch. <strong>Agnieszka Rumie\u017c<\/strong><\/p>\n\n\n\n<p class=\"has-small-font-size\">Interpretacja programu funkcjonalnego budynku w \u015bwietle teorii graf\u00f3w planarnych<\/p>\n\n\n\n<p class=\"has-small-font-size\">14:20&nbsp; dr in\u017c. arch. <strong>Anna Stefa\u0144ska<\/strong>, mgr in\u017c. arch. <strong>Ma\u0142gorzata Kurcjusz<\/strong><\/p>\n\n\n\n<p class=\"has-small-font-size\">Wybrane aspekty wykorzystania sztucznej inteligencji w projektowaniu architektonicznym<\/p>\n\n\n\n<p class=\"has-small-font-size\">14:40 mgr in\u017c. arch. <strong>Ewa Tokarska-Go\u0142\u0119biewska<\/strong><\/p>\n\n\n\n<p class=\"has-small-font-size\">Symulacje agentowe i ich potencja\u0142 w projektowaniu architektonicznym i urbanistycznym<\/p>\n\n\n\n<p class=\"has-small-font-size\">15:00 dr in\u017c. arch. <strong>Anna Stefa\u0144ska<\/strong>, in\u017c. arch. <strong>Maja Sutkowska<\/strong><\/p>\n\n\n\n<p class=\"has-small-font-size\">Analiza por\u00f3wnawcza mo\u017cliwo\u015bci minimalizacji \u015bladu w\u0119glowego w rozbudowie technologi\u0105 klasyczn\u0105 i materia\u0142ami naturalnymi<\/p>\n\n\n\n<p class=\"has-small-font-size\">15:20 mgr. In\u017c. arch. <strong>Aleksandra Kr\u0119t-Grze\u015bkowiak<\/strong><\/p>\n\n\n\n<p class=\"has-small-font-size\">Wielokrotny cykl \u017cycia drewna konstrukcyjnego czy efektywne spalanie? Ocena cyklu \u017cycia w przypadku budownictwa jednorodzinnego<\/p>\n\n\n\n<p class=\"has-small-font-size\">15:40 dr in\u017c.<strong> Inna Abramiuk<\/strong>, dr in\u017c. Nimet Pinar \u00d6zg\u00fcner<\/p>\n\n\n\n<p class=\"has-small-font-size\">Ocena poczucia bezpiecze\u0144stwa kobiet w przestrzeniach publicznych na kampusie Uniwersytety Zielonog\u00f3rskiego (studium przypadku)<\/p>\n\n\n\n<p class=\"has-small-font-size\">16:00 mgr in\u017c. arch. <strong>Szymon Kici\u0144ski<\/strong><\/p>\n\n\n\n<p class=\"has-small-font-size\">Powszechne poj\u0119cie pi\u0119kna w architekturze<\/p>\n\n\n\n<p class=\"has-small-font-size\">16:20 &nbsp;mgr in\u017c. <strong>Pawe\u0142 Mieros\u0142awski<\/strong><\/p>\n\n\n\n<p class=\"has-small-font-size\">Zanikaj\u0105ce typy budynk\u00f3w i budowli kolejowego zaplecza technicznego<\/p>\n\n\n\n<p class=\"has-small-font-size\">17.00 Zako\u0144czenie<\/p>\n","protected":false},"excerpt":{"rendered":"<p>PROGRAM 18 kwietnia 2024 (on-line) 10:00 Powitanie uczestnik\u00f3w i rozpocz\u0119cie obrad 10:10 dr hab. in\u017c. arch. Bogna Ludwig Attyka \u2013 termin architektoniczny. Poszukiwania por\u00f3wnawcze w dobie zdalnej dost\u0119pno\u015bci drukowanych \u017ar\u00f3de\u0142 archiwalnych 10:30 mgr in\u017c. arch. Szymon Kowalski Immersyjne metody wizualizacji architektury zabytkowej 10:50 dr in\u017c. arch. Rafa\u0142 Karnicki Autorskie wykorzystanie modelowania przestrzennego w realizacjach konserwatorskich&hellip; <a class=\"more-link\" href=\"https:\/\/archresci.pwr.edu.pl\/?page_id=500\">Czytaj dalej <span class=\"screen-reader-text\">Program 18 -20 IV 2024<\/span><\/a><\/p>\n","protected":false},"author":2,"featured_media":0,"parent":0,"menu_order":0,"comment_status":"closed","ping_status":"closed","template":"","meta":{"_eb_attr":"","footnotes":""},"class_list":["post-500","page","type-page","status-publish","hentry","entry"],"_links":{"self":[{"href":"https:\/\/archresci.pwr.edu.pl\/index.php?rest_route=\/wp\/v2\/pages\/500","targetHints":{"allow":["GET"]}}],"collection":[{"href":"https:\/\/archresci.pwr.edu.pl\/index.php?rest_route=\/wp\/v2\/pages"}],"about":[{"href":"https:\/\/archresci.pwr.edu.pl\/index.php?rest_route=\/wp\/v2\/types\/page"}],"author":[{"embeddable":true,"href":"https:\/\/archresci.pwr.edu.pl\/index.php?rest_route=\/wp\/v2\/users\/2"}],"replies":[{"embeddable":true,"href":"https:\/\/archresci.pwr.edu.pl\/index.php?rest_route=%2Fwp%2Fv2%2Fcomments&post=500"}],"version-history":[{"count":14,"href":"https:\/\/archresci.pwr.edu.pl\/index.php?rest_route=\/wp\/v2\/pages\/500\/revisions"}],"predecessor-version":[{"id":688,"href":"https:\/\/archresci.pwr.edu.pl\/index.php?rest_route=\/wp\/v2\/pages\/500\/revisions\/688"}],"wp:attachment":[{"href":"https:\/\/archresci.pwr.edu.pl\/index.php?rest_route=%2Fwp%2Fv2%2Fmedia&parent=500"}],"curies":[{"name":"wp","href":"https:\/\/api.w.org\/{rel}","templated":true}]}}