{"id":332,"date":"2023-11-08T13:41:06","date_gmt":"2023-11-08T13:41:06","guid":{"rendered":"https:\/\/archresci.pwr.edu.pl\/?page_id=332"},"modified":"2025-11-27T13:21:12","modified_gmt":"2025-11-27T13:21:12","slug":"publikacja","status":"publish","type":"page","link":"https:\/\/archresci.pwr.edu.pl\/?page_id=332","title":{"rendered":"Publikacja"},"content":{"rendered":"\n<div class=\"wp-block-group\"><div class=\"wp-block-group__inner-container is-layout-constrained wp-block-group-is-layout-constrained\">\n<div class=\"wp-block-group\"><div class=\"wp-block-group__inner-container is-layout-constrained wp-block-group-is-layout-constrained\">\n<p>Publikacja artyku\u0142\u00f3w wskazanych przez Rad\u0119 Naukow\u0105 Konferencji jest planowana w czasopi\u015bmie \u201eArchitectus\u201d (70 punkt\u00f3w, Ministerstwo Nauki i Szkolnictwa Wy\u017cszego), <a href=\"https:\/\/architectus.pwr.edu.pl\">https:\/\/architectus.pwr.edu.pl<\/a> oraz w Zeszytach Naukowych Politechniki Pozna\u0144skiej Seria Architektura, Urbanistyka i Architektura Wn\u0119trz (40 pkt. MNiSW).<\/p>\n\n\n\n<p>Architectus: <a href=\"https:\/\/architectus.pwr.edu.pl\">https:\/\/architectus.pwr.edu.pl<\/a><\/p>\n\n\n\n<\/p>\n<figure class=\"wp-block-image size-large\"><img loading=\"lazy\" decoding=\"async\" width=\"356\" height=\"1024\" class=\"wp-image-526\" src=\"https:\/\/archresci.pwr.edu.pl\/wp-content\/uploads\/2024\/03\/Architectus_int_POL-356x1024.jpg\" alt=\"\" srcset=\"https:\/\/archresci.pwr.edu.pl\/wp-content\/uploads\/2024\/03\/Architectus_int_POL-356x1024.jpg 356w, https:\/\/archresci.pwr.edu.pl\/wp-content\/uploads\/2024\/03\/Architectus_int_POL-104x300.jpg 104w, https:\/\/archresci.pwr.edu.pl\/wp-content\/uploads\/2024\/03\/Architectus_int_POL-768x2207.jpg 768w, https:\/\/archresci.pwr.edu.pl\/wp-content\/uploads\/2024\/03\/Architectus_int_POL-534x1536.jpg 534w, https:\/\/archresci.pwr.edu.pl\/wp-content\/uploads\/2024\/03\/Architectus_int_POL-713x2048.jpg 713w, https:\/\/archresci.pwr.edu.pl\/wp-content\/uploads\/2024\/03\/Architectus_int_POL-1568x4506.jpg 1568w, https:\/\/archresci.pwr.edu.pl\/wp-content\/uploads\/2024\/03\/Architectus_int_POL-scaled.jpg 891w\" sizes=\"auto, (max-width: 356px) 100vw, 356px\" \/><\/figure>\n<p>\n\n\n\n<p>Zeszytach Naukowych Politechniki Pozna\u0144skiej Seria Architektura, Urbanistyka i Architektura Wn\u0119trz: <a href=\"https:\/\/architecturejournal.put.poznan.pl\">https:\/\/architecturejournal.put.poznan.pl<\/a><\/p>\n\n\n<div class=\"wp-block-image\">\n<figure class=\"aligncenter size-full is-resized\"><img loading=\"lazy\" decoding=\"async\" width=\"567\" height=\"777\" src=\"https:\/\/archresci.pwr.edu.pl\/wp-content\/uploads\/2025\/11\/zeszyty-naukowe_okladka.jpg\" alt=\"\" class=\"wp-image-1040\" style=\"width:279px;height:auto\" srcset=\"https:\/\/archresci.pwr.edu.pl\/wp-content\/uploads\/2025\/11\/zeszyty-naukowe_okladka.jpg 567w, https:\/\/archresci.pwr.edu.pl\/wp-content\/uploads\/2025\/11\/zeszyty-naukowe_okladka-219x300.jpg 219w\" sizes=\"auto, (max-width: 567px) 100vw, 567px\" \/><\/figure>\n<\/div><\/div><\/div>\n<\/div><\/div>\n\n\n<\/div>\n<p><!-- \/wp:post-content --><\/p>\n<p><!-- wp:paragraph --><\/p>\n<p><!-- \/wp:paragraph --><\/p>","protected":false},"excerpt":{"rendered":"<p>Publikacja artyku\u0142\u00f3w wskazanych przez Rad\u0119 Naukow\u0105 Konferencji jest planowana w czasopi\u015bmie \u201eArchitectus\u201d (70 punkt\u00f3w, Ministerstwo Nauki i Szkolnictwa Wy\u017cszego), https:\/\/architectus.pwr.edu.pl oraz w Zeszytach Naukowych Politechniki Pozna\u0144skiej Seria Architektura, Urbanistyka i Architektura Wn\u0119trz (40 pkt. MNiSW). Architectus: https:\/\/architectus.pwr.edu.pl Zeszytach Naukowych Politechniki Pozna\u0144skiej Seria Architektura, Urbanistyka i Architektura Wn\u0119trz: https:\/\/architecturejournal.put.poznan.pl<\/p>\n","protected":false},"author":1,"featured_media":0,"parent":0,"menu_order":0,"comment_status":"closed","ping_status":"closed","template":"","meta":{"_eb_attr":"","footnotes":""},"class_list":["post-332","page","type-page","status-publish","hentry","entry"],"_links":{"self":[{"href":"https:\/\/archresci.pwr.edu.pl\/index.php?rest_route=\/wp\/v2\/pages\/332","targetHints":{"allow":["GET"]}}],"collection":[{"href":"https:\/\/archresci.pwr.edu.pl\/index.php?rest_route=\/wp\/v2\/pages"}],"about":[{"href":"https:\/\/archresci.pwr.edu.pl\/index.php?rest_route=\/wp\/v2\/types\/page"}],"author":[{"embeddable":true,"href":"https:\/\/archresci.pwr.edu.pl\/index.php?rest_route=\/wp\/v2\/users\/1"}],"replies":[{"embeddable":true,"href":"https:\/\/archresci.pwr.edu.pl\/index.php?rest_route=%2Fwp%2Fv2%2Fcomments&post=332"}],"version-history":[{"count":21,"href":"https:\/\/archresci.pwr.edu.pl\/index.php?rest_route=\/wp\/v2\/pages\/332\/revisions"}],"predecessor-version":[{"id":1041,"href":"https:\/\/archresci.pwr.edu.pl\/index.php?rest_route=\/wp\/v2\/pages\/332\/revisions\/1041"}],"wp:attachment":[{"href":"https:\/\/archresci.pwr.edu.pl\/index.php?rest_route=%2Fwp%2Fv2%2Fmedia&parent=332"}],"curies":[{"name":"wp","href":"https:\/\/api.w.org\/{rel}","templated":true}]}}