{"id":1127,"date":"2026-04-09T17:51:51","date_gmt":"2026-04-09T17:51:51","guid":{"rendered":"https:\/\/archresci.pwr.edu.pl\/?page_id=1127"},"modified":"2026-04-22T16:46:27","modified_gmt":"2026-04-22T16:46:27","slug":"programme","status":"publish","type":"page","link":"https:\/\/archresci.pwr.edu.pl\/?page_id=1127&lang=en","title":{"rendered":"Programme"},"content":{"rendered":"\n<h2 class=\"wp-block-heading\"><em>23 IV 2026<\/em><\/h2>\n\n\n\n<p><a href=\"https:\/\/teams.microsoft.com\/meet\/361526380262670?p=hDFvd36o1nsnA2moLr\">link<\/a> code: 1776259170<\/p>\n\n\n\n<p><strong>10:00 \u2013 10:30 | Opening of Day 1 of the Conference (online)<\/strong><\/p>\n\n\n\n<hr class=\"wp-block-separator has-alpha-channel-opacity\"\/>\n\n\n\n<p><strong>10:30 \u2013 10:50 |<\/strong> Andrzej Borkowski<br><em>The evolution of convolutional and recurrent artificial neural networks in the context of BIM: deep insight and a new tool, Bimetria<\/em><\/p>\n\n\n\n<p><strong>10:50 \u2013 11:10 <\/strong>| Klaudia Korba,&nbsp; Joanna Barna<br><em>Digital Methods of Documenting Historic Architecture: An Analysis of Tools and Case Studies of St. Mary\u2019s Basilica and the Cloth Hall in Krak\u00f3w Based on Online Sources<\/em><\/p>\n\n\n\n<p><strong>11:10 \u2013 11:30<\/strong> | Karol Argasi\u0144ski, Julian Gajdos, Piotr Marciniak<br><em>Digitization of complex sacred structures: integration of laser scanning and photogrammetry for the digital reconstruction of altars at the Shrine of Divine Mercy in Kalisz for 3D printing purposes<\/em><\/p>\n\n\n\n<p><strong>11:30 \u2013 11:50 <\/strong>| Maciej Wcis\u0142o<br><em>The Digital Chisel: Remediation of Krak\u00f3w\u2019s Architectural Detail in the Age of Generative Artificial Intelligence and Immersive Media<\/em><\/p>\n\n\n\n<p><strong>11:50 \u2013 12:10 <\/strong>| Mateusz Budziakowski<br><em>Assessment of the value of an architectural monument in criminal proceedings<\/em><\/p>\n\n\n\n<p><strong>12:10 \u2013 12:30 | Break<\/strong><\/p>\n\n\n\n<hr class=\"wp-block-separator has-alpha-channel-opacity\"\/>\n\n\n\n<p><strong>12:30 \u2013 12:50 <\/strong>| Monika \u0141yczak, Anna Boj\u0119\u015b-Bia\u0142asik, Danuta Michalska<br><em>Benedictine Abbey in Tyniec \u2013 from the 11th to the 21st century<\/em><\/p>\n\n\n\n<p><strong>12:50 \u2013 13:10<\/strong> | Wiktoria Krupa<br><em>Architectural visualization as a research tool in the research by design method<\/em><\/p>\n\n\n\n<p><strong>13:10 \u2013 13:30<\/strong> | Julia Mejer<br><em>Between Scenography and the City: Authenticity of Contemporary Experience in Narrative Architecture of Las Vegas<\/em><\/p>\n\n\n\n<p><strong>13:30 \u2013 13:50<\/strong> | Grzegorz Schnotale<br><em>Images vs. words: visual semantics in the age of generative AI<\/em><\/p>\n\n\n\n<p><strong>13:50 \u2013 14:30 | Break<\/strong><\/p>\n\n\n\n<hr class=\"wp-block-separator has-alpha-channel-opacity\"\/>\n\n\n\n<p><strong>14:30 \u2013 14:50<\/strong> | Agnieszka Adamska-Idzikowska<br><em>Survey on BIM education at university level: Student needs and career expectations<\/em><\/p>\n\n\n\n<p><strong>15:10 \u2013 15:30<\/strong> | Anna&nbsp; Boche\u0144ska-Ska\u0142ecka<br><em>The possibilities and limitations of using LCA (Life Cycle Assessment) as a design tool in the investment process, particularly in its early design stages.<\/em><\/p>\n\n\n\n<p><strong>15:50 \u2013 16:10<\/strong> | Natalia Przesmycka, Rafa\u0142 Strojny,<br><em>Design workshops as a method of researching end-user preferences and their impact on the design process for hospital buildings and spaces<\/em><\/p>\n\n\n\n<p><strong>16:10 \u2013 16:30<\/strong> | Natalia Przesmycka, Rafa\u0142 Strojny, Natalia Jakubiak<br><em>The use of quantitative comparative methods to identify revitalisation patterns based on the example of former psychiatric hospitals<\/em><\/p>\n\n\n\n<p><strong>16:30 \u2013 16:50<\/strong> | Beata Makowska<br><em>Protection of the heritage of architects and builders of Jewish origin in Krakow from the period 1930-1945 with the use of genealogical and archival research<\/em><\/p>\n\n\n\n<p><strong>16:50 | End of the first day of the conference<\/strong><\/p>\n\n\n\n<h2 class=\"wp-block-heading\"><em>24 IV 2026<\/em><\/h2>\n\n\n\n<p><a href=\"https:\/\/teams.microsoft.com\/meet\/322491903986788?p=E5JFTw6UKrhfVbnEQj\">link<\/a> code: 1776259202<\/p>\n\n\n\n<p><strong>10:00 \u2013 10:30 | Opening of Day 2 of the Conference (online)<\/strong><\/p>\n\n\n\n<hr class=\"wp-block-separator has-alpha-channel-opacity\"\/>\n\n\n\n<p><strong>10:30 \u2013 10:50<\/strong> | Jan Szot, Karol Argasi\u0144ski<br><em>Bi-directional BIM-GIS integration for built heritage management and maintenance using open standards with scan-to-BIM approach<\/em><\/p>\n\n\n\n<p><strong>10:50 \u2013 11:10<\/strong> | Magdalena Soko\u0142owska<br><em>Conservation issues during the implementation stage of renovation and conservation works in the timber-framed building at 11 Ratuszowa Street in My\u015blib\u00f3rz<\/em><\/p>\n\n\n\n<p><strong>11:10 \u2013 11:30<\/strong> | Dominika Ku\u015bnierz-Krupa, Micha\u0142 Krupa<br><em>The scientific procedure as a means of deepening knowledge in the field of cultural heritage protection while supporting owners and designers<\/em><\/p>\n\n\n\n<p><strong>11:30 \u2013 11:50<\/strong> | Monika Neff, Iwona Krawiec, Emilia Oniszczuk<br><em>Digital Techniques as Tools Supporting Research into the Architectural Past. The Surgical Pavilion of the Former Warsaw Ujazd\u00f3w Military Hospital<\/em><\/p>\n\n\n\n<p><strong>12:00 \u2013 12:30 | Break<\/strong><\/p>\n\n\n\n<hr class=\"wp-block-separator has-alpha-channel-opacity\"\/>\n\n\n\n<p><strong>12:30 \u2013 12:50<\/strong> | Iwona Krawiec, Leszek W\u0142ochy\u0144ski<br><em>From a Fortified Manor to a Palace Complex. The Genesis and Transformations of the Palace Complex in Mordy in the Light of Architectural Research<\/em><\/p>\n\n\n\n<p><strong>12:50 \u2013 13:10<\/strong> | Marek Bara\u0144ski, Krzysztof Bratu\u015b, Patryk Bratus&nbsp;<\/p>\n\n\n\n<p><em>Visual dynamics of reliefs at the perystyl roof of the Bel Temple in Palmyra<\/em><\/p>\n\n\n\n<p><strong>13:10 \u2013 13:30<\/strong> | Ma\u0142gorzata Doroz-Turek<br><em>Results of architectural research on the eastern wing of the Dominican monastery in the 2024-2025 season. Comments on the transformation of the preserved part of the monastery with a basement on a single pillar<\/em><\/p>\n\n\n\n<p><strong>13:30 \u2013 14:30 | Break<\/strong><\/p>\n\n\n\n<hr class=\"wp-block-separator has-alpha-channel-opacity\"\/>\n\n\n\n<p><strong>14:30 \u2013 14:50 <\/strong>| Dominika Cieplak<br><em>The Past Inscribed in the Rural Landscape. Integrated Methods for Reconstructing Historical Rural Layouts Using the Example of Displaced Lemko Villages<\/em><\/p>\n\n\n\n<p><strong>14:50 \u2013 15:10<\/strong> | Krzysztof Wro\u0144ski<br><em>Sources in research on (un)preserved historic architecture<\/em><\/p>\n\n\n\n<p><strong>15:10 \u2013 15:30<\/strong> | Magdalena Bartnik<br><em>Regulatory dualism in the placement of advertising boards and devices. A comparative analysis of the landscape resolution and resolutions on cultural parks based on the example of Krakow<\/em><\/p>\n\n\n\n<p><strong>15:30 \u2013 15:50 <\/strong>| Dominik Pierzchlewicz<br><em>Design for Disassembly in brick architecture: Architectural details supporting material circularity.<\/em><\/p>\n\n\n\n<p><strong>15:50 <strong>\u2013 16:10<\/strong><\/strong> <strong>| <\/strong>Jakub Br\u00f3dka<br><em>The architecture of individually designed single-family houses from the communist era (PRL). Research challenges and methodology based on examples from the Silesian Voivodeship<\/em><\/p>\n\n\n\n<p><strong><strong><strong>16:20<\/strong><\/strong> <strong>| <\/strong>End of the second day of the conference<\/strong><\/p>\n\n\n\n<p class=\"has-large-font-size\"><\/p>\n\n\n\n<h2 class=\"wp-block-heading\"><em>25 IV 2026<\/em><\/h2>\n\n\n\n<p class=\"has-large-font-size\"><strong>PANEL 1 (s.001)<\/strong><\/p>\n\n\n\n<p><a href=\"https:\/\/teams.microsoft.com\/meet\/366745671580353?p=nJAfWQSAMtZ8CtRQ05\">link<\/a> code: 1776259228<\/p>\n\n\n\n<p><strong>9:00 \u2013 9:30 | <\/strong><strong>Opening of the Conference<\/strong><strong> (Common to panels 1 and 2, p. 001)<\/strong><\/p>\n\n\n\n<hr class=\"wp-block-separator has-alpha-channel-opacity\"\/>\n\n\n\n<p><strong>9:30 \u2013 9:50<\/strong> | Karol Argasi\u0144ski, Daria Maksymchuk, Piotr Marciniak<br><em>From point cloud to parametric model: the process of creating Heritage BIM for the Shrine of Divine Mercy in Kalisz<\/em><\/p>\n\n\n\n<p><strong>9:50 \u2013 10:10<\/strong> | Viktoriia Berbets<br><em>GIS Mapping of Historical City Fortifications as an Analytical Tool for Urban Spatial Research<\/em><\/p>\n\n\n\n<p><strong>10:10 \u2013 10:30<\/strong> | Mohammad Mahdi Mohammadi, Maciej Janowski<\/p>\n\n\n\n<p><em>Assessing the Reliability of AI-Driven Ventilation Predictions through CFD Benchmarking<\/em><\/p>\n\n\n\n<p><\/p>\n\n\n\n<p><strong>11:00 \u2013 11:30 | Coffee break<\/strong><\/p>\n\n\n\n<hr class=\"wp-block-separator has-alpha-channel-opacity\"\/>\n\n\n\n<p><strong>11:30 \u2013 11:50<\/strong> | Katarzyna Kapusta, Piotr Marciniak, Piotr Niemyjski&nbsp;<\/p>\n\n\n\n<p><em>Historical building monitoring and modelling on the example of the church in Witno. Research postulates.<\/em><\/p>\n\n\n\n<p><strong>11:50 \u2013 12:10<\/strong> | Mo Zhou, Quan Wen, Ngiep Poutrethea<br><em>Digital Protection Strategies for Historically and Culturally Famous Towns under Narrative Scenes: A Case Study of Fengsheng Ancient Town<\/em><\/p>\n\n\n\n<p><strong>12:40 \u2013 13:40 | Lunch break<\/strong><\/p>\n\n\n\n<hr class=\"wp-block-separator has-alpha-channel-opacity\"\/>\n\n\n\n<p><strong>13:40 \u2013 14:00<\/strong> | Alicja Kozarzewska, Piotr Kozarzewski<br><em>How Market \u201cEarthquakes\u201d Have Shaped the Single-Family Housing Sector in Recent Years?<\/em><\/p>\n\n\n\n<p><strong>14:00 \u2013 14:20<\/strong> | Hanna Grzeszczuk-Brendel<br><em>The ideology of residential architecture in Nazi programmes<\/em><\/p>\n\n\n\n<p><strong>14:50 \u2013 15:20 | Coffee break<\/strong><\/p>\n\n\n\n<hr class=\"wp-block-separator has-alpha-channel-opacity\"\/>\n\n\n\n<p><strong>15:20 \u2013 15:40<\/strong> | Adrianna Brechelke-Wojtczak, Anna Dzikowska<br><em>Valorization of Reconstruction Stages and Contemporary Urban Space Using an Original Measurement-Based Analysis<\/em><\/p>\n\n\n\n<p><strong>15:40 \u2013 16:00<\/strong> | Hanna Czerniakowska<br><em>Critical Assessment of Research Tools in Urban Studies in the Context of Inclusive Urban Planning<\/em><\/p>\n\n\n\n<p><strong>16:00 \u2013 16:20<\/strong> | Sahar Rokh, Marta Pieczara, Bartosz Ka\u017amierczak<br><em>From Smart to Wise Cities: A Socio-Technical Perspective on Urban Transformation<\/em><\/p>\n\n\n\n<p><strong>16:30 | The end of the panels<\/strong><\/p>\n\n\n\n<p class=\"has-large-font-size\"><strong>PANEL 2 (s.105\/106)<\/strong><\/p>\n\n\n\n<p><a href=\"https:\/\/teams.microsoft.com\/meet\/377369500429443?p=L12HAOMLHJOI6aQVQr\">link<\/a> code: zu2Ur7o5<\/p>\n\n\n\n<p><strong>9:00 \u2013 9:30 | Opening of the Conference(Common to panels 1 and 2, p. 001)<\/strong><\/p>\n\n\n\n<hr class=\"wp-block-separator has-alpha-channel-opacity\"\/>\n\n\n\n<p><strong>9:30 \u2013 9:50<\/strong> | Jagoda Ciechanowska, Aleksandra Marcin\u00f3w<\/p>\n\n\n\n<p><em>Konserwacja zachowawcza i interdyscyplinarne badania portalu Wendla Roskopfa z zamku Grodziec<\/em><\/p>\n\n\n\n<p><strong>9:50 \u2013 10:10<\/strong> | Alicja Hoyenski, Anna Ma\u0142achowicz<\/p>\n\n\n\n<p><em>Wykorzystanie bada\u0144 w procesie zabezpieczenia i przebudowy oficyny dworu Starost\u00f3w w Mi\u0119dzyrzeczu<\/em><\/p>\n\n\n\n<p><strong>10:10 \u2013 10:30<\/strong> | Maja Piechowiak,<br><em>Badanie przestrzeni architektonicznej z wykorzystaniem eseju filmowego jako narz\u0119dzia interpretacji<\/em><\/p>\n\n\n\n<p><strong>10:30 \u2013 10:50<\/strong> | Ewa \u0141u\u017cyniecka<br><em>Badania ratownicze a architektoniczna jednostka stratygraficzna<\/em><\/p>\n\n\n\n<p><strong>11:00 \u2013 11:30 | Coffee break<\/strong><\/p>\n\n\n\n<hr class=\"wp-block-separator has-alpha-channel-opacity\"\/>\n\n\n\n<p><strong>11:30 \u2013 11:50<\/strong> | Karol Drobniewski, Monika Zawadzka<br><em>[AI]identity \u2013 interpreting the identity of urban fa\u00e7ades using algorithms<\/em><\/p>\n\n\n\n<p><strong>11:50 \u2013 12:10<\/strong> | Marcin Giedrowicz, Wojciech Sk\u00f3rzewski<br><em>Algorithmic Analysis and Optimization of Functional Relationships in Urban Structure Using Parametric Tools<\/em><\/p>\n\n\n\n<p><strong>12:10 \u2013 12:30<\/strong> | Angelika Lasiewicz-Sych, Mi\u0142osz Sadowski<br><em>Multi-criteria analysis of the integration potential of a housing estate<\/em><\/p>\n\n\n\n<p><strong>12:40 \u2013 13:40 | Lunch break<\/strong><\/p>\n\n\n\n<hr class=\"wp-block-separator has-alpha-channel-opacity\"\/>\n\n\n\n<p><strong>13:40 \u2013 14:00<\/strong> | Maciej Motak<br><em>The commemoration of the Krakow architects and builders of Jewish origin in the contemporary urban space<\/em><\/p>\n\n\n\n<p><strong>14:00 \u2013 14:20<\/strong> | Magdalena Raczkowska<br><em>How to Record Industrial Heritage? A Proposed Inventory-Card Template for Pozna\u0144\u2019s Industrial Plants (1945\u20131989)<\/em><\/p>\n\n\n\n<p><strong>14:20 \u2013 14:40<\/strong> | Piotr Sam\u00f3l, Bogumi\u0142a M\u0105czkowska<br><em>The architecture of the Gothic St. Nicholas Church in I\u0142awa at the end of the Middle Ages. How architectural research influences the perception of historical monuments&nbsp;<\/em><\/p>\n\n\n\n<p><strong>14:50 \u2013 15:20 | Coffee break<\/strong><\/p>\n\n\n\n<hr class=\"wp-block-separator has-alpha-channel-opacity\"\/>\n\n\n\n<p><strong>15:20 \u2013 15:40<\/strong> | Sahar Movafagh, Mohammad Hossein Fallahi, Maciej Janowski<br><em>Urban Heat Islands, Health, and Age: Evidence and Gaps in Polish Cities<\/em><\/p>\n\n\n\n<p><strong>15:40 \u2013 16:00<\/strong> | Anna Stefa\u0144ska<br><em>Urban Energy Potential Mapping: Searching for Recoverable Renewable and Waste Energy Sources in City Microenvironments<\/em><\/p>\n\n\n\n<p><strong>16:00 \u2013 16:20<\/strong> | Anna Rubczak<br><em>Searching for a Transformation Model for Post-Sugar Industrial Small Towns in Northern Poland<\/em><\/p>\n\n\n\n<p><strong>16:30 | The end of the panels<\/strong><\/p>\n\n\n\n<p><\/p>\n","protected":false},"excerpt":{"rendered":"<p>23 IV 2026 link code: 1776259170 10:00 \u2013 10:30 | Opening of Day 1 of the Conference (online) 10:30 \u2013 10:50 | Andrzej BorkowskiThe evolution of convolutional and recurrent artificial neural networks in the context of BIM: deep insight and a new tool, Bimetria 10:50 \u2013 11:10 | Klaudia Korba,&nbsp; Joanna BarnaDigital Methods of Documenting&hellip; <a class=\"more-link\" href=\"https:\/\/archresci.pwr.edu.pl\/?page_id=1127&#038;lang=en\">Czytaj dalej <span class=\"screen-reader-text\">Programme<\/span><\/a><\/p>\n","protected":false},"author":8,"featured_media":0,"parent":0,"menu_order":0,"comment_status":"closed","ping_status":"closed","template":"","meta":{"_eb_attr":"","footnotes":""},"class_list":["post-1127","page","type-page","status-publish","hentry","entry"],"_links":{"self":[{"href":"https:\/\/archresci.pwr.edu.pl\/index.php?rest_route=\/wp\/v2\/pages\/1127","targetHints":{"allow":["GET"]}}],"collection":[{"href":"https:\/\/archresci.pwr.edu.pl\/index.php?rest_route=\/wp\/v2\/pages"}],"about":[{"href":"https:\/\/archresci.pwr.edu.pl\/index.php?rest_route=\/wp\/v2\/types\/page"}],"author":[{"embeddable":true,"href":"https:\/\/archresci.pwr.edu.pl\/index.php?rest_route=\/wp\/v2\/users\/8"}],"replies":[{"embeddable":true,"href":"https:\/\/archresci.pwr.edu.pl\/index.php?rest_route=%2Fwp%2Fv2%2Fcomments&post=1127"}],"version-history":[{"count":9,"href":"https:\/\/archresci.pwr.edu.pl\/index.php?rest_route=\/wp\/v2\/pages\/1127\/revisions"}],"predecessor-version":[{"id":1240,"href":"https:\/\/archresci.pwr.edu.pl\/index.php?rest_route=\/wp\/v2\/pages\/1127\/revisions\/1240"}],"wp:attachment":[{"href":"https:\/\/archresci.pwr.edu.pl\/index.php?rest_route=%2Fwp%2Fv2%2Fmedia&parent=1127"}],"curies":[{"name":"wp","href":"https:\/\/api.w.org\/{rel}","templated":true}]}}